{"id":12,"date":"2023-10-25T12:38:24","date_gmt":"2023-10-25T12:38:24","guid":{"rendered":"http:\/\/ad.groupe-gete.fr\/?page_id=12"},"modified":"2024-05-21T11:17:46","modified_gmt":"2024-05-21T11:17:46","slug":"accueil","status":"publish","type":"page","link":"https:\/\/ad.groupe-gete.fr\/","title":{"rendered":"Accueil"},"content":{"rendered":"\t\t<div data-elementor-type=\"wp-page\" data-elementor-id=\"12\" class=\"elementor elementor-12\">\n\t\t\t\t<div class=\"elementor-element elementor-element-82eb28f e-flex e-con-boxed e-con e-parent\" data-id=\"82eb28f\" data-element_type=\"container\" data-e-type=\"container\">\n\t\t\t\t\t<div class=\"e-con-inner\">\n\t\t\t\t<div class=\"elementor-element elementor-element-e679b73 elementor-widget-divider--view-line elementor-widget elementor-widget-divider\" data-id=\"e679b73\" data-element_type=\"widget\" data-e-type=\"widget\" data-widget_type=\"divider.default\">\n\t\t\t\t<div class=\"elementor-widget-container\">\n\t\t\t\t\t\t\t<div class=\"elementor-divider\">\n\t\t\t<span class=\"elementor-divider-separator\">\n\t\t\t\t\t\t<\/span>\n\t\t<\/div>\n\t\t\t\t\t\t<\/div>\n\t\t\t\t<\/div>\n\t\t\t\t\t<\/div>\n\t\t\t\t<\/div>\n\t\t<div class=\"elementor-element elementor-element-c0f9c8f e-con-full e-flex e-con e-parent\" data-id=\"c0f9c8f\" data-element_type=\"container\" data-e-type=\"container\" data-settings=\"{&quot;background_background&quot;:&quot;video&quot;,&quot;background_video_link&quot;:&quot;https:\\\/\\\/ad.groupe-gete.fr\\\/wp-content\\\/uploads\\\/2024\\\/05\\\/Boucle-Gete-Valence.webm&quot;,&quot;background_video_start&quot;:0,&quot;background_video_end&quot;:0,&quot;background_play_on_mobile&quot;:&quot;yes&quot;,&quot;shape_divider_top&quot;:&quot;triangle&quot;,&quot;shape_divider_bottom&quot;:&quot;triangle&quot;}\">\n\t\t<div class=\"elementor-background-video-container\">\n\t\t\t\t\t\t\t<video class=\"elementor-background-video-hosted\" role=\"presentation\" autoplay muted playsinline loop><\/video>\n\t\t\t\t\t<\/div>\t\t<div class=\"elementor-shape elementor-shape-top\" aria-hidden=\"true\" data-negative=\"false\">\n\t\t\t<svg xmlns=\"http:\/\/www.w3.org\/2000\/svg\" viewBox=\"0 0 1000 100\" preserveAspectRatio=\"none\">\n\t<path class=\"elementor-shape-fill\" d=\"M500,98.9L0,6.1V0h1000v6.1L500,98.9z\"\/>\n<\/svg>\t\t<\/div>\n\t\t\t\t<div class=\"elementor-shape elementor-shape-bottom\" aria-hidden=\"true\" data-negative=\"false\">\n\t\t\t<svg xmlns=\"http:\/\/www.w3.org\/2000\/svg\" viewBox=\"0 0 1000 100\" preserveAspectRatio=\"none\">\n\t<path class=\"elementor-shape-fill\" d=\"M500,98.9L0,6.1V0h1000v6.1L500,98.9z\"\/>\n<\/svg>\t\t<\/div>\n\t\t\t\t<div class=\"elementor-element elementor-element-de59bb4 animated-slow elementor-invisible elementor-widget elementor-widget-heading\" data-id=\"de59bb4\" data-element_type=\"widget\" data-e-type=\"widget\" data-settings=\"{&quot;_animation&quot;:&quot;fadeIn&quot;}\" data-widget_type=\"heading.default\">\n\t\t\t\t<div class=\"elementor-widget-container\">\n\t\t\t\t\t<h2 class=\"elementor-heading-title elementor-size-xl\">GETE M\u00e9canique &amp; Carrosserie<br>\nNotre Engagement, Votre Satisfaction<br><br><br><\/h2>\t\t\t\t<\/div>\n\t\t\t\t<\/div>\n\t\t\t\t<\/div>\n\t\t<div class=\"elementor-element elementor-element-d92b01c e-flex e-con-boxed e-con e-parent\" data-id=\"d92b01c\" data-element_type=\"container\" data-e-type=\"container\">\n\t\t\t\t\t<div class=\"e-con-inner\">\n\t\t<div class=\"elementor-element elementor-element-6fc3bd6 e-flex e-con-boxed e-con e-child\" data-id=\"6fc3bd6\" data-element_type=\"container\" data-e-type=\"container\">\n\t\t\t\t\t<div class=\"e-con-inner\">\n\t\t\t\t<div class=\"elementor-element elementor-element-8729d2c elementor-widget elementor-widget-heading\" data-id=\"8729d2c\" data-element_type=\"widget\" data-e-type=\"widget\" data-widget_type=\"heading.default\">\n\t\t\t\t<div class=\"elementor-widget-container\">\n\t\t\t\t\t<h2 class=\"elementor-heading-title elementor-size-default\">Qui sommes-nous ? Une affaire de famille et de passion pour l\u2019automobile.<\/h2>\t\t\t\t<\/div>\n\t\t\t\t<\/div>\n\t\t\t\t\t<\/div>\n\t\t\t\t<\/div>\n\t\t\t\t\t<\/div>\n\t\t\t\t<\/div>\n\t\t<div class=\"elementor-element elementor-element-b71fc91 e-flex e-con-boxed e-con e-parent\" data-id=\"b71fc91\" data-element_type=\"container\" data-e-type=\"container\">\n\t\t\t\t\t<div class=\"e-con-inner\">\n\t\t<div class=\"elementor-element elementor-element-fae40db e-con-full e-flex e-con e-child\" data-id=\"fae40db\" data-element_type=\"container\" data-e-type=\"container\">\n\t\t\t\t<div class=\"elementor-element elementor-element-b7750af elementor-invisible elementor-widget elementor-widget-image\" data-id=\"b7750af\" data-element_type=\"widget\" data-e-type=\"widget\" data-settings=\"{&quot;_animation&quot;:&quot;slideInLeft&quot;}\" data-widget_type=\"image.default\">\n\t\t\t\t<div class=\"elementor-widget-container\">\n\t\t\t\t\t\t\t\t\t\t\t\t\t\t\t<img fetchpriority=\"high\" decoding=\"async\" width=\"853\" height=\"1280\" src=\"https:\/\/ad.groupe-gete.fr\/wp-content\/uploads\/2024\/05\/Florence-GETE-AD.jpg\" class=\"attachment-full size-full wp-image-695\" alt=\"\" srcset=\"https:\/\/ad.groupe-gete.fr\/wp-content\/uploads\/2024\/05\/Florence-GETE-AD.jpg 853w, https:\/\/ad.groupe-gete.fr\/wp-content\/uploads\/2024\/05\/Florence-GETE-AD-200x300.jpg 200w, https:\/\/ad.groupe-gete.fr\/wp-content\/uploads\/2024\/05\/Florence-GETE-AD-682x1024.jpg 682w, https:\/\/ad.groupe-gete.fr\/wp-content\/uploads\/2024\/05\/Florence-GETE-AD-768x1152.jpg 768w\" sizes=\"(max-width: 853px) 100vw, 853px\" \/>\t\t\t\t\t\t\t\t\t\t\t\t\t\t\t<\/div>\n\t\t\t\t<\/div>\n\t\t\t\t<\/div>\n\t\t<div class=\"elementor-element elementor-element-23d9bed e-con-full e-flex e-con e-child\" data-id=\"23d9bed\" data-element_type=\"container\" data-e-type=\"container\">\n\t\t\t\t<div class=\"elementor-element elementor-element-94c67ef elementor-invisible elementor-widget elementor-widget-text-editor\" data-id=\"94c67ef\" data-element_type=\"widget\" data-e-type=\"widget\" data-settings=\"{&quot;_animation&quot;:&quot;slideInRight&quot;}\" data-widget_type=\"text-editor.default\">\n\t\t\t\t<div class=\"elementor-widget-container\">\n\t\t\t\t\t\t\t\t\t<p>GETE c\u2019est d\u2019abord une histoire de famille puisque l\u2019entreprise a \u00e9t\u00e9 cr\u00e9\u00e9e par mes parents en 1973, \u00e0 Valence au d\u00e9part, avant de s\u2019installer \u00e0 Guilherand-Granges en 1986. C\u2019est aussi une histoire de passion pour l\u2019automobile que ce soit la m\u00e9canique, la carrosserie ou encore la vente. Nous avons acquis tous les savoir-faire du m\u00e9tier avec toujours l\u2019envie d\u2019aller de l\u2019avant et d\u2019\u00eatre \u00e0 la pointe de l\u2019innovation. Nos clients nous suivent de longue date. Ils appr\u00e9cient notre professionnalisme et la\u00a0qualit\u00e9 de nos services. Nous aimons ainsi tisser des\u00a0relations de confiance et de proximit\u00e9.<\/p><p>Depuis toute petite, j\u2019ai baign\u00e9 dans l\u2019entreprise. Ayant une \u00e2me d\u2019entrepreneuse, c\u2019est tout naturellement que j\u2019ai choisi d\u2019en reprendre la direction et de continuer \u00e0 d\u00e9velopper cette belle aventure familiale. Depuis 2011, nous sommes \u00e9galement implant\u00e9s Zone de Briffaut \u00e0 Valence.<\/p><p>Avec un bel atelier M\u00e9canique Carrosserie AD. Gr\u00e2ce \u00e0 un fort travail d\u2019\u00e9quipe et des collaborateurs impliqu\u00e9s, nous nous adaptons aux changements incessants de notre m\u00e9tier. En 2024, une station de lavage vient compl\u00e9ter notre offre.<\/p><p>Ce qui nous motive : \u00eatre ouvert, regarder ce qui se passe autour de nous, adopter de nouvelles technologies, de nouveaux process d\u2019organisation et de r\u00e9ception, pour aller vers une meilleure satisfaction client.<\/p>\t\t\t\t\t\t\t\t<\/div>\n\t\t\t\t<\/div>\n\t\t\t\t<\/div>\n\t\t\t\t\t<\/div>\n\t\t\t\t<\/div>\n\t\t<div class=\"elementor-element elementor-element-f02c0dd e-flex e-con-boxed e-con e-parent\" data-id=\"f02c0dd\" data-element_type=\"container\" data-e-type=\"container\">\n\t\t\t\t\t<div class=\"e-con-inner\">\n\t\t\t\t<div class=\"elementor-element elementor-element-93b70ac elementor-widget elementor-widget-heading\" data-id=\"93b70ac\" data-element_type=\"widget\" data-e-type=\"widget\" data-widget_type=\"heading.default\">\n\t\t\t\t<div class=\"elementor-widget-container\">\n\t\t\t\t\t<h2 class=\"elementor-heading-title elementor-size-default\">Notre \u00e9quipe est \u00e0 votre \u00e9coute :<\/h2>\t\t\t\t<\/div>\n\t\t\t\t<\/div>\n\t\t\t\t\t<\/div>\n\t\t\t\t<\/div>\n\t\t<div class=\"elementor-element elementor-element-f22795f e-flex e-con-boxed e-con e-parent\" data-id=\"f22795f\" data-element_type=\"container\" data-e-type=\"container\">\n\t\t\t\t\t<div class=\"e-con-inner\">\n\t\t<div class=\"elementor-element elementor-element-788e7be e-con-full e-flex e-con e-child\" data-id=\"788e7be\" data-element_type=\"container\" data-e-type=\"container\">\n\t\t\t\t<div class=\"elementor-element elementor-element-a138173 elementor-invisible elementor-widget elementor-widget-image\" data-id=\"a138173\" data-element_type=\"widget\" data-e-type=\"widget\" data-settings=\"{&quot;_animation&quot;:&quot;slideInLeft&quot;}\" data-widget_type=\"image.default\">\n\t\t\t\t<div class=\"elementor-widget-container\">\n\t\t\t\t\t\t\t\t\t\t\t\t\t\t\t<img decoding=\"async\" width=\"750\" height=\"500\" src=\"https:\/\/ad.groupe-gete.fr\/wp-content\/uploads\/2024\/05\/front_valence_portrait.jpg\" class=\"attachment-full size-full wp-image-661\" alt=\"\" srcset=\"https:\/\/ad.groupe-gete.fr\/wp-content\/uploads\/2024\/05\/front_valence_portrait.jpg 750w, https:\/\/ad.groupe-gete.fr\/wp-content\/uploads\/2024\/05\/front_valence_portrait-300x200.jpg 300w\" sizes=\"(max-width: 750px) 100vw, 750px\" \/>\t\t\t\t\t\t\t\t\t\t\t\t\t\t\t<\/div>\n\t\t\t\t<\/div>\n\t\t\t\t<\/div>\n\t\t<div class=\"elementor-element elementor-element-8709c41 e-con-full e-flex e-con e-child\" data-id=\"8709c41\" data-element_type=\"container\" data-e-type=\"container\">\n\t\t\t\t<div class=\"elementor-element elementor-element-897325c elementor-invisible elementor-widget elementor-widget-text-editor\" data-id=\"897325c\" data-element_type=\"widget\" data-e-type=\"widget\" data-settings=\"{&quot;_animation&quot;:&quot;slideInRight&quot;}\" data-widget_type=\"text-editor.default\">\n\t\t\t\t<div class=\"elementor-widget-container\">\n\t\t\t\t\t\t\t\t\t<p style=\"text-align: center;\">Ils vous accueillent (de gauche \u00e0 droite)<\/p><ul><li>Nathalie &#8211; R\u00e9ceptionnaire M\u00e9canique<\/li><li>Arnaud &#8211; Responsable de site<\/li><li>Nathalie- R\u00e9ceptionnaire Carrosserie<\/li><\/ul>\t\t\t\t\t\t\t\t<\/div>\n\t\t\t\t<\/div>\n\t\t\t\t<\/div>\n\t\t<div class=\"elementor-element elementor-element-281bb7a e-con-full e-flex e-con e-child\" data-id=\"281bb7a\" data-element_type=\"container\" data-e-type=\"container\">\n\t\t\t\t<div class=\"elementor-element elementor-element-e5c2378 elementor-invisible elementor-widget elementor-widget-text-editor\" data-id=\"e5c2378\" data-element_type=\"widget\" data-e-type=\"widget\" data-settings=\"{&quot;_animation&quot;:&quot;slideInLeft&quot;}\" data-widget_type=\"text-editor.default\">\n\t\t\t\t<div class=\"elementor-widget-container\">\n\t\t\t\t\t\t\t\t\t<p style=\"text-align: center;\">Ils prennent soins de votre v\u00e9hicule (de gauche \u00e0 droite)<\/p><ul><li>Alexis &#8211; Apprenti\u00a0<\/li><li>Pierric &#8211; Carrossier Peintre<\/li><li>Lo\u00efc &#8211; Carrossier Peintre<\/li><li>Adrien &#8211; Technicien<\/li><\/ul>\t\t\t\t\t\t\t\t<\/div>\n\t\t\t\t<\/div>\n\t\t\t\t<\/div>\n\t\t<div class=\"elementor-element elementor-element-58c847e e-con-full e-flex e-con e-child\" data-id=\"58c847e\" data-element_type=\"container\" data-e-type=\"container\">\n\t\t\t\t<div class=\"elementor-element elementor-element-841be5b elementor-invisible elementor-widget elementor-widget-image\" data-id=\"841be5b\" data-element_type=\"widget\" data-e-type=\"widget\" data-settings=\"{&quot;_animation&quot;:&quot;slideInRight&quot;}\" data-widget_type=\"image.default\">\n\t\t\t\t<div class=\"elementor-widget-container\">\n\t\t\t\t\t\t\t\t\t\t\t\t\t\t\t<img decoding=\"async\" width=\"750\" height=\"500\" src=\"https:\/\/ad.groupe-gete.fr\/wp-content\/uploads\/2024\/05\/back_valence_portrait.jpg\" class=\"attachment-large size-large wp-image-662\" alt=\"\" srcset=\"https:\/\/ad.groupe-gete.fr\/wp-content\/uploads\/2024\/05\/back_valence_portrait.jpg 750w, https:\/\/ad.groupe-gete.fr\/wp-content\/uploads\/2024\/05\/back_valence_portrait-300x200.jpg 300w\" sizes=\"(max-width: 750px) 100vw, 750px\" \/>\t\t\t\t\t\t\t\t\t\t\t\t\t\t\t<\/div>\n\t\t\t\t<\/div>\n\t\t\t\t<\/div>\n\t\t\t\t\t<\/div>\n\t\t\t\t<\/div>\n\t\t\t\t<\/div>\n\t\t","protected":false},"excerpt":{"rendered":"<p>GETE M\u00e9canique &#038; Carrosserie Notre Engagement, Votre Satisfaction Qui sommes-nous ? Une affaire de famille et de passion pour l\u2019automobile. GETE c\u2019est d\u2019abord une histoire de famille puisque l\u2019entreprise a \u00e9t\u00e9 cr\u00e9\u00e9e par mes parents en 1973, \u00e0 Valence au d\u00e9part, avant de s\u2019installer \u00e0 Guilherand-Granges en 1986. C\u2019est aussi une histoire de passion pour [&hellip;]<\/p>\n","protected":false},"author":2,"featured_media":0,"parent":0,"menu_order":0,"comment_status":"closed","ping_status":"closed","template":"","meta":{"ocean_post_layout":"","ocean_both_sidebars_style":"","ocean_both_sidebars_content_width":0,"ocean_both_sidebars_sidebars_width":0,"ocean_sidebar":"","ocean_second_sidebar":"","ocean_disable_margins":"enable","ocean_add_body_class":"","ocean_shortcode_before_top_bar":"","ocean_shortcode_after_top_bar":"","ocean_shortcode_before_header":"","ocean_shortcode_after_header":"","ocean_has_shortcode":"","ocean_shortcode_after_title":"","ocean_shortcode_before_footer_widgets":"","ocean_shortcode_after_footer_widgets":"","ocean_shortcode_before_footer_bottom":"","ocean_shortcode_after_footer_bottom":"","ocean_display_top_bar":"default","ocean_display_header":"default","ocean_header_style":"","ocean_center_header_left_menu":"","ocean_custom_header_template":"","ocean_custom_logo":0,"ocean_custom_retina_logo":0,"ocean_custom_logo_max_width":0,"ocean_custom_logo_tablet_max_width":0,"ocean_custom_logo_mobile_max_width":0,"ocean_custom_logo_max_height":0,"ocean_custom_logo_tablet_max_height":0,"ocean_custom_logo_mobile_max_height":0,"ocean_header_custom_menu":"","ocean_menu_typo_font_family":"","ocean_menu_typo_font_subset":"","ocean_menu_typo_font_size":0,"ocean_menu_typo_font_size_tablet":0,"ocean_menu_typo_font_size_mobile":0,"ocean_menu_typo_font_size_unit":"px","ocean_menu_typo_font_weight":"","ocean_menu_typo_font_weight_tablet":"","ocean_menu_typo_font_weight_mobile":"","ocean_menu_typo_transform":"","ocean_menu_typo_transform_tablet":"","ocean_menu_typo_transform_mobile":"","ocean_menu_typo_line_height":0,"ocean_menu_typo_line_height_tablet":0,"ocean_menu_typo_line_height_mobile":0,"ocean_menu_typo_line_height_unit":"","ocean_menu_typo_spacing":0,"ocean_menu_typo_spacing_tablet":0,"ocean_menu_typo_spacing_mobile":0,"ocean_menu_typo_spacing_unit":"","ocean_menu_link_color":"","ocean_menu_link_color_hover":"","ocean_menu_link_color_active":"","ocean_menu_link_background":"","ocean_menu_link_hover_background":"","ocean_menu_link_active_background":"","ocean_menu_social_links_bg":"","ocean_menu_social_hover_links_bg":"","ocean_menu_social_links_color":"","ocean_menu_social_hover_links_color":"","ocean_disable_title":"default","ocean_disable_heading":"default","ocean_post_title":"","ocean_post_subheading":"","ocean_post_title_style":"","ocean_post_title_background_color":"","ocean_post_title_background":0,"ocean_post_title_bg_image_position":"","ocean_post_title_bg_image_attachment":"","ocean_post_title_bg_image_repeat":"","ocean_post_title_bg_image_size":"","ocean_post_title_height":0,"ocean_post_title_bg_overlay":0.5,"ocean_post_title_bg_overlay_color":"","ocean_disable_breadcrumbs":"default","ocean_breadcrumbs_color":"","ocean_breadcrumbs_separator_color":"","ocean_breadcrumbs_links_color":"","ocean_breadcrumbs_links_hover_color":"","ocean_display_footer_widgets":"default","ocean_display_footer_bottom":"default","ocean_custom_footer_template":"","footnotes":""},"class_list":["post-12","page","type-page","status-publish","hentry","entry"],"_links":{"self":[{"href":"https:\/\/ad.groupe-gete.fr\/index.php\/wp-json\/wp\/v2\/pages\/12","targetHints":{"allow":["GET"]}}],"collection":[{"href":"https:\/\/ad.groupe-gete.fr\/index.php\/wp-json\/wp\/v2\/pages"}],"about":[{"href":"https:\/\/ad.groupe-gete.fr\/index.php\/wp-json\/wp\/v2\/types\/page"}],"author":[{"embeddable":true,"href":"https:\/\/ad.groupe-gete.fr\/index.php\/wp-json\/wp\/v2\/users\/2"}],"replies":[{"embeddable":true,"href":"https:\/\/ad.groupe-gete.fr\/index.php\/wp-json\/wp\/v2\/comments?post=12"}],"version-history":[{"count":166,"href":"https:\/\/ad.groupe-gete.fr\/index.php\/wp-json\/wp\/v2\/pages\/12\/revisions"}],"predecessor-version":[{"id":701,"href":"https:\/\/ad.groupe-gete.fr\/index.php\/wp-json\/wp\/v2\/pages\/12\/revisions\/701"}],"wp:attachment":[{"href":"https:\/\/ad.groupe-gete.fr\/index.php\/wp-json\/wp\/v2\/media?parent=12"}],"curies":[{"name":"wp","href":"https:\/\/api.w.org\/{rel}","templated":true}]}}