{"id":144,"date":"2023-12-04T15:53:45","date_gmt":"2023-12-04T15:53:45","guid":{"rendered":"http:\/\/ad.groupe-gete.fr\/?page_id=144"},"modified":"2024-05-03T13:17:38","modified_gmt":"2024-05-03T13:17:38","slug":"carrosserie-peinture-debosselage","status":"publish","type":"page","link":"https:\/\/ad.groupe-gete.fr\/index.php\/carrosserie-peinture-debosselage\/","title":{"rendered":"Carrosserie &#8211; Peinture &#8211; D\u00e9bosselage"},"content":{"rendered":"\t\t<div data-elementor-type=\"wp-page\" data-elementor-id=\"144\" class=\"elementor elementor-144\">\n\t\t\t\t<div class=\"elementor-element elementor-element-43554fc e-flex e-con-boxed e-con e-parent\" data-id=\"43554fc\" data-element_type=\"container\" data-e-type=\"container\">\n\t\t\t\t\t<div class=\"e-con-inner\">\n\t\t\t\t<div class=\"elementor-element elementor-element-bcfe3b0 elementor-widget elementor-widget-spacer\" data-id=\"bcfe3b0\" data-element_type=\"widget\" data-e-type=\"widget\" data-widget_type=\"spacer.default\">\n\t\t\t\t<div class=\"elementor-widget-container\">\n\t\t\t\t\t\t\t<div class=\"elementor-spacer\">\n\t\t\t<div class=\"elementor-spacer-inner\"><\/div>\n\t\t<\/div>\n\t\t\t\t\t\t<\/div>\n\t\t\t\t<\/div>\n\t\t\t\t\t<\/div>\n\t\t\t\t<\/div>\n\t\t<div class=\"elementor-element elementor-element-ad792cf e-flex e-con-boxed e-con e-parent\" data-id=\"ad792cf\" data-element_type=\"container\" data-e-type=\"container\">\n\t\t\t\t\t<div class=\"e-con-inner\">\n\t\t\t\t<div class=\"elementor-element elementor-element-f9f623c elementor-widget elementor-widget-spacer\" data-id=\"f9f623c\" data-element_type=\"widget\" data-e-type=\"widget\" data-widget_type=\"spacer.default\">\n\t\t\t\t<div class=\"elementor-widget-container\">\n\t\t\t\t\t\t\t<div class=\"elementor-spacer\">\n\t\t\t<div class=\"elementor-spacer-inner\"><\/div>\n\t\t<\/div>\n\t\t\t\t\t\t<\/div>\n\t\t\t\t<\/div>\n\t\t\t\t\t<\/div>\n\t\t\t\t<\/div>\n\t\t<div class=\"elementor-element elementor-element-3083255 e-flex e-con-boxed e-con e-parent\" data-id=\"3083255\" data-element_type=\"container\" data-e-type=\"container\">\n\t\t\t\t\t<div class=\"e-con-inner\">\n\t\t\t\t<div class=\"elementor-element elementor-element-e49722d elementor-widget elementor-widget-heading\" data-id=\"e49722d\" data-element_type=\"widget\" data-e-type=\"widget\" data-widget_type=\"heading.default\">\n\t\t\t\t<div class=\"elementor-widget-container\">\n\t\t\t\t\t<h2 class=\"elementor-heading-title elementor-size-default\">Carrosserie - Peinture<\/h2>\t\t\t\t<\/div>\n\t\t\t\t<\/div>\n\t\t\t\t\t<\/div>\n\t\t\t\t<\/div>\n\t\t<div class=\"elementor-element elementor-element-62ad20d e-con-full e-flex e-con e-parent\" data-id=\"62ad20d\" data-element_type=\"container\" data-e-type=\"container\">\n\t\t\t\t<div class=\"elementor-element elementor-element-5424e0a animated-slow elementor-invisible elementor-widget elementor-widget-image-carousel\" data-id=\"5424e0a\" data-element_type=\"widget\" data-e-type=\"widget\" data-settings=\"{&quot;slides_to_show&quot;:&quot;1&quot;,&quot;navigation&quot;:&quot;none&quot;,&quot;pause_on_hover&quot;:&quot;no&quot;,&quot;pause_on_interaction&quot;:&quot;no&quot;,&quot;effect&quot;:&quot;fade&quot;,&quot;speed&quot;:2000,&quot;_animation&quot;:&quot;zoomIn&quot;,&quot;autoplay&quot;:&quot;yes&quot;,&quot;autoplay_speed&quot;:5000,&quot;infinite&quot;:&quot;yes&quot;}\" data-widget_type=\"image-carousel.default\">\n\t\t\t\t<div class=\"elementor-widget-container\">\n\t\t\t\t\t\t\t<div class=\"elementor-image-carousel-wrapper swiper\" role=\"region\" aria-roledescription=\"carousel\" aria-label=\"Carrousel d\u2019images\" dir=\"ltr\">\n\t\t\t<div class=\"elementor-image-carousel swiper-wrapper swiper-image-stretch\" aria-live=\"off\">\n\t\t\t\t\t\t\t\t<div class=\"swiper-slide\" role=\"group\" aria-roledescription=\"slide\" aria-label=\"1 sur 4\"><figure class=\"swiper-slide-inner\"><img decoding=\"async\" class=\"swiper-slide-image\" src=\"https:\/\/ad.groupe-gete.fr\/wp-content\/uploads\/2024\/01\/carrosserie1.jpg\" alt=\"carrosserie1\" \/><\/figure><\/div><div class=\"swiper-slide\" role=\"group\" aria-roledescription=\"slide\" aria-label=\"2 sur 4\"><figure class=\"swiper-slide-inner\"><img decoding=\"async\" class=\"swiper-slide-image\" src=\"https:\/\/ad.groupe-gete.fr\/wp-content\/uploads\/2024\/01\/carrosserie2.jpg\" alt=\"carrosserie2\" \/><\/figure><\/div><div class=\"swiper-slide\" role=\"group\" aria-roledescription=\"slide\" aria-label=\"3 sur 4\"><figure class=\"swiper-slide-inner\"><img decoding=\"async\" class=\"swiper-slide-image\" src=\"https:\/\/ad.groupe-gete.fr\/wp-content\/uploads\/2024\/01\/peinture1.jpg\" alt=\"peinture1\" \/><\/figure><\/div><div class=\"swiper-slide\" role=\"group\" aria-roledescription=\"slide\" aria-label=\"4 sur 4\"><figure class=\"swiper-slide-inner\"><img decoding=\"async\" class=\"swiper-slide-image\" src=\"https:\/\/ad.groupe-gete.fr\/wp-content\/uploads\/2024\/01\/peinture2.jpg\" alt=\"peinture2\" \/><\/figure><\/div>\t\t\t<\/div>\n\t\t\t\t\t\t\t\n\t\t\t\t\t\t\t\t\t<\/div>\n\t\t\t\t\t\t<\/div>\n\t\t\t\t<\/div>\n\t\t\t\t<\/div>\n\t\t<div class=\"elementor-element elementor-element-08d31ed e-flex e-con-boxed e-con e-parent\" data-id=\"08d31ed\" data-element_type=\"container\" data-e-type=\"container\">\n\t\t\t\t\t<div class=\"e-con-inner\">\n\t\t\t\t<div class=\"elementor-element elementor-element-4e6e298 elementor-widget elementor-widget-text-editor\" data-id=\"4e6e298\" data-element_type=\"widget\" data-e-type=\"widget\" data-widget_type=\"text-editor.default\">\n\t\t\t\t<div class=\"elementor-widget-container\">\n\t\t\t\t\t\t\t\t\t<p>L\u2019importance de la carrosserie automobile va bien au-del\u00e0 de l\u2019aspect esth\u00e9tique d\u2019un v\u00e9hicule. La carrosserie prot\u00e8ge le conducteur et les passagers en cas de choc. Les plastiques, les t\u00f4les endommag\u00e9es et les rayures accumul\u00e9es nuisent \u00e0 la s\u00e9curit\u00e9 en cas d\u2019accident. La t\u00f4le, la peinture et les vernis prot\u00e8gent les \u00e9l\u00e9ments carrosserie des variations climatiques mais aussi du rayonnement ultraviolet.<\/p><p>La promesse du r\u00e9seau se d\u00e9cline en engagements forts qui sont r\u00e9ellement attendus par les automobilistes.<\/p><p>Ils portent sur la tra\u00e7abilit\u00e9 de la r\u00e9paration, l\u2019utilisation de proc\u00e9dures claires, la valorisation de la livraison \u00e0 travers une \u00e9valuation de l\u2019\u00e9tat du v\u00e9hicule en 24 points, une\u00a0garantie nationale de 5 ans\u00a0sans oublier la mesure de la satisfaction client\u00e8le.<\/p><p>&#8211; Redonner \u00e0 votre voiture la beaut\u00e9 mais aussi (et surtout) la\u00a0s\u00e9curit\u00e9 du neuf<\/p><p>&#8211; Si vous avez une voiture, c\u2019est pour vous d\u00e9placer. Alors quand la v\u00f4tre est en r\u00e9paration, nous en mettons une\u00a0\u00e0 votre disposition\u2026 Tout simplement.<\/p><p>&#8211; Nous\u00a0respectons l\u2019environnement<\/p><p>&#8211; Une\u00a0garantie nationale de 5 ans<\/p><p>&#8211; Nous nous occupons de toutes les\u00a0d\u00e9marches administratives\u00a0\u00e0 votre place<\/p><p>&#8211;\u00a024 points de contr\u00f4les\u00a0syst\u00e9matiques<\/p>\t\t\t\t\t\t\t\t<\/div>\n\t\t\t\t<\/div>\n\t\t\t\t\t<\/div>\n\t\t\t\t<\/div>\n\t\t<div class=\"elementor-element elementor-element-890961e e-flex e-con-boxed e-con e-parent\" data-id=\"890961e\" data-element_type=\"container\" data-e-type=\"container\">\n\t\t\t\t\t<div class=\"e-con-inner\">\n\t\t\t\t<div class=\"elementor-element elementor-element-36e8a27 elementor-widget elementor-widget-heading\" data-id=\"36e8a27\" data-element_type=\"widget\" data-e-type=\"widget\" data-widget_type=\"heading.default\">\n\t\t\t\t<div class=\"elementor-widget-container\">\n\t\t\t\t\t<h2 class=\"elementor-heading-title elementor-size-default\">D\u00e9bosselage Sans Peinture <\/h2>\t\t\t\t<\/div>\n\t\t\t\t<\/div>\n\t\t\t\t\t<\/div>\n\t\t\t\t<\/div>\n\t\t<div class=\"elementor-element elementor-element-547badc e-flex e-con-boxed e-con e-parent\" data-id=\"547badc\" data-element_type=\"container\" data-e-type=\"container\">\n\t\t\t\t\t<div class=\"e-con-inner\">\n\t\t<div class=\"elementor-element elementor-element-bacbe1e e-con-full e-flex e-con e-child\" data-id=\"bacbe1e\" data-element_type=\"container\" data-e-type=\"container\">\n\t\t\t\t<div class=\"elementor-element elementor-element-f70a489 elementor-invisible elementor-widget elementor-widget-image\" data-id=\"f70a489\" data-element_type=\"widget\" data-e-type=\"widget\" data-settings=\"{&quot;_animation&quot;:&quot;slideInDown&quot;}\" data-widget_type=\"image.default\">\n\t\t\t\t<div class=\"elementor-widget-container\">\n\t\t\t\t\t\t\t\t\t\t\t\t\t\t\t<img fetchpriority=\"high\" decoding=\"async\" width=\"1024\" height=\"683\" src=\"https:\/\/ad.groupe-gete.fr\/wp-content\/uploads\/2024\/01\/debosselage-4-1024x683.jpg\" class=\"attachment-large size-large wp-image-356\" alt=\"\" srcset=\"https:\/\/ad.groupe-gete.fr\/wp-content\/uploads\/2024\/01\/debosselage-4-1024x683.jpg 1024w, https:\/\/ad.groupe-gete.fr\/wp-content\/uploads\/2024\/01\/debosselage-4-300x200.jpg 300w, https:\/\/ad.groupe-gete.fr\/wp-content\/uploads\/2024\/01\/debosselage-4-768x512.jpg 768w, https:\/\/ad.groupe-gete.fr\/wp-content\/uploads\/2024\/01\/debosselage-4.jpg 1382w\" sizes=\"(max-width: 1024px) 100vw, 1024px\" \/>\t\t\t\t\t\t\t\t\t\t\t\t\t\t\t<\/div>\n\t\t\t\t<\/div>\n\t\t\t\t<\/div>\n\t\t<div class=\"elementor-element elementor-element-af79a17 e-con-full e-flex e-con e-child\" data-id=\"af79a17\" data-element_type=\"container\" data-e-type=\"container\">\n\t\t\t\t<div class=\"elementor-element elementor-element-cf498dd elementor-invisible elementor-widget elementor-widget-image\" data-id=\"cf498dd\" data-element_type=\"widget\" data-e-type=\"widget\" data-settings=\"{&quot;_animation&quot;:&quot;slideInRight&quot;}\" data-widget_type=\"image.default\">\n\t\t\t\t<div class=\"elementor-widget-container\">\n\t\t\t\t\t\t\t\t\t\t\t\t\t\t\t<img decoding=\"async\" width=\"1024\" height=\"683\" src=\"https:\/\/ad.groupe-gete.fr\/wp-content\/uploads\/2024\/01\/debosselage-1-1024x683.png\" class=\"attachment-large size-large wp-image-353\" alt=\"\" srcset=\"https:\/\/ad.groupe-gete.fr\/wp-content\/uploads\/2024\/01\/debosselage-1-1024x683.png 1024w, https:\/\/ad.groupe-gete.fr\/wp-content\/uploads\/2024\/01\/debosselage-1-300x200.png 300w, https:\/\/ad.groupe-gete.fr\/wp-content\/uploads\/2024\/01\/debosselage-1-768x512.png 768w, https:\/\/ad.groupe-gete.fr\/wp-content\/uploads\/2024\/01\/debosselage-1.png 1200w\" sizes=\"(max-width: 1024px) 100vw, 1024px\" \/>\t\t\t\t\t\t\t\t\t\t\t\t\t\t\t<\/div>\n\t\t\t\t<\/div>\n\t\t\t\t<\/div>\n\t\t<div class=\"elementor-element elementor-element-6ebbc4f e-con-full e-flex e-con e-child\" data-id=\"6ebbc4f\" data-element_type=\"container\" data-e-type=\"container\">\n\t\t\t\t<\/div>\n\t\t<div class=\"elementor-element elementor-element-fc26e87 e-con-full e-flex e-con e-child\" data-id=\"fc26e87\" data-element_type=\"container\" data-e-type=\"container\">\n\t\t\t\t<div class=\"elementor-element elementor-element-20df6c5 elementor-invisible elementor-widget elementor-widget-image\" data-id=\"20df6c5\" data-element_type=\"widget\" data-e-type=\"widget\" data-settings=\"{&quot;_animation&quot;:&quot;slideInLeft&quot;}\" data-widget_type=\"image.default\">\n\t\t\t\t<div class=\"elementor-widget-container\">\n\t\t\t\t\t\t\t\t\t\t\t\t\t\t\t<img decoding=\"async\" width=\"1024\" height=\"726\" src=\"https:\/\/ad.groupe-gete.fr\/wp-content\/uploads\/2024\/01\/debosselage-2-1024x726.jpg\" class=\"attachment-large size-large wp-image-354\" alt=\"\" srcset=\"https:\/\/ad.groupe-gete.fr\/wp-content\/uploads\/2024\/01\/debosselage-2-1024x726.jpg 1024w, https:\/\/ad.groupe-gete.fr\/wp-content\/uploads\/2024\/01\/debosselage-2-300x213.jpg 300w, https:\/\/ad.groupe-gete.fr\/wp-content\/uploads\/2024\/01\/debosselage-2-768x545.jpg 768w, https:\/\/ad.groupe-gete.fr\/wp-content\/uploads\/2024\/01\/debosselage-2-1536x1090.jpg 1536w, https:\/\/ad.groupe-gete.fr\/wp-content\/uploads\/2024\/01\/debosselage-2.jpg 1600w\" sizes=\"(max-width: 1024px) 100vw, 1024px\" \/>\t\t\t\t\t\t\t\t\t\t\t\t\t\t\t<\/div>\n\t\t\t\t<\/div>\n\t\t\t\t<div class=\"elementor-element elementor-element-28a3b76 elementor-invisible elementor-widget elementor-widget-image\" data-id=\"28a3b76\" data-element_type=\"widget\" data-e-type=\"widget\" data-settings=\"{&quot;_animation&quot;:&quot;slideInUp&quot;}\" data-widget_type=\"image.default\">\n\t\t\t\t<div class=\"elementor-widget-container\">\n\t\t\t\t\t\t\t\t\t\t\t\t\t\t\t<img loading=\"lazy\" decoding=\"async\" width=\"1024\" height=\"552\" src=\"https:\/\/ad.groupe-gete.fr\/wp-content\/uploads\/2024\/01\/debosselage-3-1024x552.jpg\" class=\"attachment-large size-large wp-image-355\" alt=\"\" srcset=\"https:\/\/ad.groupe-gete.fr\/wp-content\/uploads\/2024\/01\/debosselage-3-1024x552.jpg 1024w, https:\/\/ad.groupe-gete.fr\/wp-content\/uploads\/2024\/01\/debosselage-3-300x162.jpg 300w, https:\/\/ad.groupe-gete.fr\/wp-content\/uploads\/2024\/01\/debosselage-3-768x414.jpg 768w, https:\/\/ad.groupe-gete.fr\/wp-content\/uploads\/2024\/01\/debosselage-3-1536x828.jpg 1536w, https:\/\/ad.groupe-gete.fr\/wp-content\/uploads\/2024\/01\/debosselage-3.jpg 1600w\" sizes=\"(max-width: 1024px) 100vw, 1024px\" \/>\t\t\t\t\t\t\t\t\t\t\t\t\t\t\t<\/div>\n\t\t\t\t<\/div>\n\t\t\t\t<\/div>\n\t\t<div class=\"elementor-element elementor-element-afda247 e-con-full e-flex e-con e-child\" data-id=\"afda247\" data-element_type=\"container\" data-e-type=\"container\">\n\t\t\t\t<div class=\"elementor-element elementor-element-528d3d3 elementor-widget elementor-widget-text-editor\" data-id=\"528d3d3\" data-element_type=\"widget\" data-e-type=\"widget\" data-widget_type=\"text-editor.default\">\n\t\t\t\t<div class=\"elementor-widget-container\">\n\t\t\t\t\t\t\t\t\t<p>Le D\u00e9bosselage Sans Peinture (DSP) est une technique de r\u00e9paration rapide, invisible, \u00e0 moindre co\u00fbt, les petits d\u00e9fauts d\u2019aspect, les petits chocs de parking sur la carrosserie de votre v\u00e9hicule peuvent \u00eatre corrig\u00e9s (selon avis d\u2019un technicien).<\/p><p>Ce proc\u00e9d\u00e9 technique permet d\u2019immobiliser \u00e0 minima le v\u00e9hicule tels sont les avantages du d\u00e9bosselage sans peinture.<\/p><p>Votre v\u00e9hicule a \u00e9t\u00e9 gr\u00eal\u00e9, votre agent Peugeot Proximity proc\u00e8de au d\u00e9bosselage sans peinture (DSP) des impacts de gr\u00ealons (selon avis d\u2019un technicien). Il peut \u00e9galement effectuer les r\u00e9parations avec des techniques de redressage peinture traditionnelles, ou effectuer le remplacement d\u2019\u00e9l\u00e9ments soud\u00e9s ou amovibles si les d\u00e9g\u00e2ts sont trop importants et ne peuvent \u00eatre r\u00e9alis\u00e9s en D\u00e9bosselage.<\/p><p>Votre garage Peugeot Proximity rassemble tout l&rsquo;outillage, les habilitations et les comp\u00e9tences techniques pour intervenir sur votre v\u00e9hicule.<\/p><p>Rappel vous avez le libre choix de votre carrossier R\u00e9parateur en cas de sinistre faites appel \u00e0 votre assureur automobile pour la prise en charge des r\u00e9parations et indiquez-lui le choix de votre agent Peugeot PROXIMITY. Vous n&rsquo;aurez PAS D&rsquo;AVANCE DE FRAIS et un VEHICULE DE COURTOISE vous sera propos\u00e9 (selon disponibilit\u00e9). Vous \u00eates libre de choisir votre carrossier r\u00e9parateur. Comme l&rsquo;indique la loi HAMON du 17 mars 2014 qui rappelle les obligations des compagnies d\u2019assurances vis-\u00e0-vis de leurs assur\u00e9s.\u00a0<\/p>\t\t\t\t\t\t\t\t<\/div>\n\t\t\t\t<\/div>\n\t\t\t\t<\/div>\n\t\t\t\t\t<\/div>\n\t\t\t\t<\/div>\n\t\t<div class=\"elementor-element elementor-element-e17116b e-flex e-con-boxed e-con e-parent\" data-id=\"e17116b\" data-element_type=\"container\" data-e-type=\"container\">\n\t\t\t\t\t<div class=\"e-con-inner\">\n\t\t\t\t<div class=\"elementor-element elementor-element-fdaec7b elementor-widget elementor-widget-heading\" data-id=\"fdaec7b\" data-element_type=\"widget\" data-e-type=\"widget\" data-widget_type=\"heading.default\">\n\t\t\t\t<div class=\"elementor-widget-container\">\n\t\t\t\t\t<h2 class=\"elementor-heading-title elementor-size-default\">Passage au marbre - Site de Valence<\/h2>\t\t\t\t<\/div>\n\t\t\t\t<\/div>\n\t\t\t\t\t<\/div>\n\t\t\t\t<\/div>\n\t\t<div class=\"elementor-element elementor-element-4c86abc e-flex e-con-boxed e-con e-parent\" data-id=\"4c86abc\" data-element_type=\"container\" data-e-type=\"container\">\n\t\t\t\t\t<div class=\"e-con-inner\">\n\t\t\t\t<div class=\"elementor-element elementor-element-ec3c958 animated-slow elementor-invisible elementor-widget elementor-widget-image\" data-id=\"ec3c958\" data-element_type=\"widget\" data-e-type=\"widget\" data-settings=\"{&quot;_animation&quot;:&quot;zoomIn&quot;}\" data-widget_type=\"image.default\">\n\t\t\t\t<div class=\"elementor-widget-container\">\n\t\t\t\t\t\t\t\t\t\t\t\t\t\t\t<img loading=\"lazy\" decoding=\"async\" width=\"1920\" height=\"720\" src=\"https:\/\/ad.groupe-gete.fr\/wp-content\/uploads\/2024\/05\/marbre_shark_blackhawk.jpg\" class=\"attachment-full size-full wp-image-630\" alt=\"\" srcset=\"https:\/\/ad.groupe-gete.fr\/wp-content\/uploads\/2024\/05\/marbre_shark_blackhawk.jpg 1920w, https:\/\/ad.groupe-gete.fr\/wp-content\/uploads\/2024\/05\/marbre_shark_blackhawk-300x113.jpg 300w, https:\/\/ad.groupe-gete.fr\/wp-content\/uploads\/2024\/05\/marbre_shark_blackhawk-1024x384.jpg 1024w, https:\/\/ad.groupe-gete.fr\/wp-content\/uploads\/2024\/05\/marbre_shark_blackhawk-768x288.jpg 768w, https:\/\/ad.groupe-gete.fr\/wp-content\/uploads\/2024\/05\/marbre_shark_blackhawk-1536x576.jpg 1536w\" sizes=\"(max-width: 1920px) 100vw, 1920px\" \/>\t\t\t\t\t\t\t\t\t\t\t\t\t\t\t<\/div>\n\t\t\t\t<\/div>\n\t\t\t\t\t<\/div>\n\t\t\t\t<\/div>\n\t\t<div class=\"elementor-element elementor-element-fa212b9 e-flex e-con-boxed e-con e-parent\" data-id=\"fa212b9\" data-element_type=\"container\" data-e-type=\"container\">\n\t\t\t\t\t<div class=\"e-con-inner\">\n\t\t\t\t<div class=\"elementor-element elementor-element-16bc29a elementor-widget elementor-widget-text-editor\" data-id=\"16bc29a\" data-element_type=\"widget\" data-e-type=\"widget\" data-widget_type=\"text-editor.default\">\n\t\t\t\t<div class=\"elementor-widget-container\">\n\t\t\t\t\t\t\t\t\t<p style=\"text-align: center;\"><strong>Qu\u2019est-ce que le passage au marbre ?<\/strong><\/p><p>Le passage au marbre consiste \u00e0 redresser l\u2019ensemble de la structure d\u2019un v\u00e9hicule accident\u00e9 \u00e0 l\u2019aide d\u2019un moule aux normes du constructeur. Cette proc\u00e9dure a pour objectif de remettre le v\u00e9hicule en \u00e9tat de marche. Alors que des d\u00e9g\u00e2ts en apparence importants n\u2019imposent pas syst\u00e9matiquement un passage au marbre, un choc mod\u00e9r\u00e9 \u00e0 un endroit plus sensible de la structure peut la d\u00e9former de mani\u00e8re plus ou moins marqu\u00e9e. Si la d\u00e9formation reste dans des proportions tol\u00e9rables, la voiture est r\u00e9par\u00e9e. Au cas o\u00f9 les d\u00e9g\u00e2ts sont trop importants, le v\u00e9hicule est alors class\u00e9 par l\u2019expert dans la cat\u00e9gorie des v\u00e9hicules gravement endommag\u00e9s (VGE).<\/p><p style=\"text-align: center;\"><strong>Les types de marbres<\/strong><\/p><p>Parmi les diff\u00e9rents types de marbres, deux sont utilis\u00e9s pour mesurer l\u2019importance des d\u00e9formations. Ils sont nomm\u00e9s marbres de diagnostic.<\/p><p>Le marbre laser convient pour les d\u00e9formations l\u00e9g\u00e8res. Il s\u2019agit d\u2019un syst\u00e8me informatique qui recueille les cotes de la voiture par l\u2019interm\u00e9diaire d\u2019un rayon laser. L\u2019avantage de cette technologie est d\u2019\u00e9viter le d\u00e9montage de la voiture. Elle ne peut cependant \u00eatre utilis\u00e9e que dans le cas de dommages limit\u00e9s.<\/p><p>Le marbre m\u00e9canique impose un d\u00e9montage partiel de la voiture. Une fois d\u00e9shabill\u00e9e, la voiture est pos\u00e9e sur une table (d\u2019o\u00f9 le nom de marbre), ce qui permet de mesurer le niveau des d\u00e9formations par rapport aux c\u00f4tes du mod\u00e8le original.<\/p><p>Laser ou m\u00e9canique, un marbre de diagnostic ne r\u00e9pare rien. La voiture doit ensuite passer par le marbre de r\u00e9paration.<\/p><p>Le marbre de r\u00e9paration<\/p><p>Pour un automobiliste, un passage au marbre s\u2019accompagne souvent d\u2019une certaine appr\u00e9hension. En r\u00e9alit\u00e9, cette op\u00e9ration en elle-m\u00eame ne repr\u00e9sente aucun danger. Seules les r\u00e9parations ult\u00e9rieures demandent le plus grand s\u00e9rieux.<\/p><p>Une attention particuli\u00e8re doit \u00eatre port\u00e9e aux soudures, non pas pour des raisons de solidit\u00e9, mais en raison des risques de corrosion. Contrairement \u00e0 la structure construite en usine qui b\u00e9n\u00e9ficie de nombreux traitements anticorrosion, les soudures r\u00e9alis\u00e9es lors des r\u00e9parations sont davantage expos\u00e9es \u00e0 la rouille, sans que cela soit toutefois dangereux pour la s\u00e9curit\u00e9 du v\u00e9hicule. En r\u00e8gle g\u00e9n\u00e9rale, l\u2019expert missionn\u00e9 par l\u2019assurance auto suit chaque \u00e9tape des r\u00e9parations et s\u2019assure de la conformit\u00e9 de chaque op\u00e9ration.<\/p>\t\t\t\t\t\t\t\t<\/div>\n\t\t\t\t<\/div>\n\t\t\t\t\t<\/div>\n\t\t\t\t<\/div>\n\t\t\t\t<\/div>\n\t\t","protected":false},"excerpt":{"rendered":"<p>Carrosserie &#8211; Peinture L\u2019importance de la carrosserie automobile va bien au-del\u00e0 de l\u2019aspect esth\u00e9tique d\u2019un v\u00e9hicule. La carrosserie prot\u00e8ge le conducteur et les passagers en cas de choc. Les plastiques, les t\u00f4les endommag\u00e9es et les rayures accumul\u00e9es nuisent \u00e0 la s\u00e9curit\u00e9 en cas d\u2019accident. La t\u00f4le, la peinture et les vernis prot\u00e8gent les \u00e9l\u00e9ments carrosserie [&hellip;]<\/p>\n","protected":false},"author":2,"featured_media":0,"parent":0,"menu_order":0,"comment_status":"closed","ping_status":"closed","template":"","meta":{"ocean_post_layout":"","ocean_both_sidebars_style":"","ocean_both_sidebars_content_width":0,"ocean_both_sidebars_sidebars_width":0,"ocean_sidebar":"","ocean_second_sidebar":"","ocean_disable_margins":"enable","ocean_add_body_class":"","ocean_shortcode_before_top_bar":"","ocean_shortcode_after_top_bar":"","ocean_shortcode_before_header":"","ocean_shortcode_after_header":"","ocean_has_shortcode":"","ocean_shortcode_after_title":"","ocean_shortcode_before_footer_widgets":"","ocean_shortcode_after_footer_widgets":"","ocean_shortcode_before_footer_bottom":"","ocean_shortcode_after_footer_bottom":"","ocean_display_top_bar":"default","ocean_display_header":"default","ocean_header_style":"","ocean_center_header_left_menu":"","ocean_custom_header_template":"","ocean_custom_logo":0,"ocean_custom_retina_logo":0,"ocean_custom_logo_max_width":0,"ocean_custom_logo_tablet_max_width":0,"ocean_custom_logo_mobile_max_width":0,"ocean_custom_logo_max_height":0,"ocean_custom_logo_tablet_max_height":0,"ocean_custom_logo_mobile_max_height":0,"ocean_header_custom_menu":"","ocean_menu_typo_font_family":"","ocean_menu_typo_font_subset":"","ocean_menu_typo_font_size":0,"ocean_menu_typo_font_size_tablet":0,"ocean_menu_typo_font_size_mobile":0,"ocean_menu_typo_font_size_unit":"px","ocean_menu_typo_font_weight":"","ocean_menu_typo_font_weight_tablet":"","ocean_menu_typo_font_weight_mobile":"","ocean_menu_typo_transform":"","ocean_menu_typo_transform_tablet":"","ocean_menu_typo_transform_mobile":"","ocean_menu_typo_line_height":0,"ocean_menu_typo_line_height_tablet":0,"ocean_menu_typo_line_height_mobile":0,"ocean_menu_typo_line_height_unit":"","ocean_menu_typo_spacing":0,"ocean_menu_typo_spacing_tablet":0,"ocean_menu_typo_spacing_mobile":0,"ocean_menu_typo_spacing_unit":"","ocean_menu_link_color":"","ocean_menu_link_color_hover":"","ocean_menu_link_color_active":"","ocean_menu_link_background":"","ocean_menu_link_hover_background":"","ocean_menu_link_active_background":"","ocean_menu_social_links_bg":"","ocean_menu_social_hover_links_bg":"","ocean_menu_social_links_color":"","ocean_menu_social_hover_links_color":"","ocean_disable_title":"default","ocean_disable_heading":"default","ocean_post_title":"","ocean_post_subheading":"","ocean_post_title_style":"","ocean_post_title_background_color":"","ocean_post_title_background":0,"ocean_post_title_bg_image_position":"","ocean_post_title_bg_image_attachment":"","ocean_post_title_bg_image_repeat":"","ocean_post_title_bg_image_size":"","ocean_post_title_height":0,"ocean_post_title_bg_overlay":0.5,"ocean_post_title_bg_overlay_color":"","ocean_disable_breadcrumbs":"default","ocean_breadcrumbs_color":"","ocean_breadcrumbs_separator_color":"","ocean_breadcrumbs_links_color":"","ocean_breadcrumbs_links_hover_color":"","ocean_display_footer_widgets":"default","ocean_display_footer_bottom":"default","ocean_custom_footer_template":"","footnotes":""},"class_list":["post-144","page","type-page","status-publish","hentry","entry"],"_links":{"self":[{"href":"https:\/\/ad.groupe-gete.fr\/index.php\/wp-json\/wp\/v2\/pages\/144","targetHints":{"allow":["GET"]}}],"collection":[{"href":"https:\/\/ad.groupe-gete.fr\/index.php\/wp-json\/wp\/v2\/pages"}],"about":[{"href":"https:\/\/ad.groupe-gete.fr\/index.php\/wp-json\/wp\/v2\/types\/page"}],"author":[{"embeddable":true,"href":"https:\/\/ad.groupe-gete.fr\/index.php\/wp-json\/wp\/v2\/users\/2"}],"replies":[{"embeddable":true,"href":"https:\/\/ad.groupe-gete.fr\/index.php\/wp-json\/wp\/v2\/comments?post=144"}],"version-history":[{"count":47,"href":"https:\/\/ad.groupe-gete.fr\/index.php\/wp-json\/wp\/v2\/pages\/144\/revisions"}],"predecessor-version":[{"id":636,"href":"https:\/\/ad.groupe-gete.fr\/index.php\/wp-json\/wp\/v2\/pages\/144\/revisions\/636"}],"wp:attachment":[{"href":"https:\/\/ad.groupe-gete.fr\/index.php\/wp-json\/wp\/v2\/media?parent=144"}],"curies":[{"name":"wp","href":"https:\/\/api.w.org\/{rel}","templated":true}]}}