{"id":507,"date":"2024-04-04T16:02:21","date_gmt":"2024-04-04T16:02:21","guid":{"rendered":"http:\/\/ad.groupe-gete.fr\/?page_id=507"},"modified":"2024-04-04T16:15:34","modified_gmt":"2024-04-04T16:15:34","slug":"mentions-legales","status":"publish","type":"page","link":"https:\/\/ad.groupe-gete.fr\/index.php\/mentions-legales\/","title":{"rendered":"Mentions L\u00e9gales"},"content":{"rendered":"\t\t<div data-elementor-type=\"wp-page\" data-elementor-id=\"507\" class=\"elementor elementor-507\">\n\t\t\t\t<div class=\"elementor-element elementor-element-5ca8fca e-flex e-con-boxed e-con e-parent\" data-id=\"5ca8fca\" data-element_type=\"container\" data-e-type=\"container\">\n\t\t\t\t\t<div class=\"e-con-inner\">\n\t\t\t\t<div class=\"elementor-element elementor-element-e4bb8ed elementor-widget elementor-widget-spacer\" data-id=\"e4bb8ed\" data-element_type=\"widget\" data-e-type=\"widget\" data-widget_type=\"spacer.default\">\n\t\t\t\t<div class=\"elementor-widget-container\">\n\t\t\t\t\t\t\t<div class=\"elementor-spacer\">\n\t\t\t<div class=\"elementor-spacer-inner\"><\/div>\n\t\t<\/div>\n\t\t\t\t\t\t<\/div>\n\t\t\t\t<\/div>\n\t\t\t\t\t<\/div>\n\t\t\t\t<\/div>\n\t\t<div class=\"elementor-element elementor-element-dcac7ab e-flex e-con-boxed e-con e-parent\" data-id=\"dcac7ab\" data-element_type=\"container\" data-e-type=\"container\">\n\t\t\t\t\t<div class=\"e-con-inner\">\n\t\t\t\t<div class=\"elementor-element elementor-element-7f7a83b elementor-widget elementor-widget-text-editor\" data-id=\"7f7a83b\" data-element_type=\"widget\" data-e-type=\"widget\" data-widget_type=\"text-editor.default\">\n\t\t\t\t<div class=\"elementor-widget-container\">\n\t\t\t\t\t\t\t\t\t<h1>Mentions L\u00e9gales<\/h1>\n<p><strong>Conform\u00e9ment aux dispositions des articles 6-III et 19 de la loi pour la Confiance dans l\u2019\u00e9conomie Num\u00e9rique, nous vous informons que :<\/strong><\/p>\n<p><strong>1. Informations l\u00e9gales<\/strong><br>Directeur de publication : Florence GETE<br>Soci\u00e9t\u00e9 : GETE AUTOMOBILES<br>Capital : 40 000 \u20ac<br>Si\u00e8ge social : 260 RUE MARC SEGUIN 07500 GUILHERAND-GRANGES<br>SIRET : 42038978500015<br>TVA Intracommunautaire : FR05420389785<br>Conception Internet :<br>AtNetMaker 231 Rue de Crussol \u2013 07500 \u2013 Guilherand Granges<br>Mail : info[at]atnetmaker.com<br>H\u00e9bergement :<br>1&amp;1 IONOS SARL<br>7, place de la Gare<br>BP 70109<br>57200 Sarreguemines C<\/p>\n<p><strong>2. Limitation de responsabilit\u00e9<\/strong><br>L\u2019utilisateur reconna\u00eet avoir pris connaissance des pr\u00e9sentes conditions d\u2019utilisation et s\u2019engage \u00e0 les respecter. L\u2019utilisateur de ce site internet reconna\u00eet disposer de la comp\u00e9tence et des moyens n\u00e9cessaires pour acc\u00e9der et utiliser ce site. Les propri\u00e9taires mettent tout en \u0153uvre pour offrir aux utilisateurs des informations et\/ou des outils disponibles et v\u00e9rifi\u00e9s mais ne saurait \u00eatre tenus pour responsables des erreurs, d\u2019une absence de disponibilit\u00e9 des fonctionnalit\u00e9s et\/ou de la pr\u00e9sence de virus sur son site. Les propri\u00e9taires ne sauraient garantir l\u2019exactitude, la compl\u00e9tude, l\u2019actualit\u00e9 des informations diffus\u00e9es sur son site. En cons\u00e9quence, l\u2019utilisateur reconna\u00eet utiliser ces informations sous sa responsabilit\u00e9 exclusive.<\/p>\n<p><strong>3. Informatique et Libert\u00e9s<\/strong><br>En application de la loi n\u00b078-17 du 6 janvier 1978 modifi\u00e9e, relative \u00e0 l\u2019informatique, aux fichiers et aux libert\u00e9s, le site web a fait l\u2019objet d\u2019une d\u00e9claration aupr\u00e8s de la Commission Nationale de l\u2019Informatique et des Libert\u00e9s (www.cnil.fr) au titre du traitement de fichiers clients \/ prospect NS-48.<br>Il fait l\u2019objet de la Dispense n\u00b06 \u2013 D\u00e9lib\u00e9ration n\u00b0 2005-284 du 22 novembre 2005 d\u00e9cidant la dispense de d\u00e9claration des sites web diffusant ou collectant des donn\u00e9es \u00e0 caract\u00e8re personnel mis en \u0153uvre par des particuliers dans le cadre d\u2019une activit\u00e9 exclusivement personnelle.<\/p>\n<p><strong>4. Cookies<\/strong><br>L\u2019utilisateur est inform\u00e9 que lors de ses visites sur le site, un cookie peut s\u2019installer automatiquement sur son logiciel de navigation. Le param\u00e9trage du logiciel de navigation permet d\u2019informer de la pr\u00e9sence de cookies et \u00e9ventuellement, de la refuser de la mani\u00e8re d\u00e9crite \u00e0 l\u2019adresse suivante : www.cnil.fr. L\u2019utilisateur dispose de l\u2019ensemble des droits susvis\u00e9s s\u2019agissant des donn\u00e9es \u00e0 caract\u00e8re personnel communiqu\u00e9es par le biais des cookies dans les conditions indiqu\u00e9es ci-dessus. Ils doivent notamment s\u2019abstenir, s\u2019agissant des informations \u00e0 caract\u00e8re personnel auxquelles ils acc\u00e8dent ou pourraient acc\u00e9der, de toute collecte, de toute utilisation d\u00e9tourn\u00e9e d\u2019une mani\u00e8re g\u00e9n\u00e9rale, de tout acte susceptible de porter atteinte \u00e0 la vie priv\u00e9e ou \u00e0 la r\u00e9putation des personnes.<\/p>\n<p><strong>5. R\u00e9glementation G\u00e9n\u00e9rale de la Protection des Donn\u00e9es<\/strong><br>Le site internet groupe-gete.fr respecte la r\u00e9glementation RGPD entr\u00e9e en vigueur le 25 mai 2018. Nous indiquons aux utilisateurs de ce site que des donn\u00e9es sont collect\u00e9es soit pour am\u00e9liorer l\u2019exp\u00e9rience utilisateur soit pour permettre un suivi des demandes par le biais de ce site. Le r\u00e9f\u00e9rent DPO du RGPD est Florence GETE. Les donn\u00e9es sont collect\u00e9es pour une dur\u00e9e maximale d\u2019un an et ne sont pas communiquer \u00e0 des tiers. Aucun sous-traitant n\u2019a acc\u00e8s aux donn\u00e9es du site groupe-gete.fr.<br>\u2013 Les donn\u00e9es sont :<br>\u2022 Donn\u00e9es de navigation : navigateur, syst\u00e8me d\u2019exploitation, type de support, pays ou localisation, adresse IP<br>\u2022 Donn\u00e9es de traitement : Nom, Pr\u00e9nom, Email, T\u00e9l\u00e9phone, Message<br>L\u2019internaute peut faire valoir son droit de connaissances des donn\u00e9es que nous avons en notre possession et peut demander la suppression de ces donn\u00e9es en contactant le r\u00e9f\u00e9rent DPO.<\/p>\n<p><strong>6. Propri\u00e9t\u00e9 intellectuelle<\/strong><br>Sauf indications contraires, les logos, graphiques, marques et\/ou enseignes figurant sur ce site, y compris et de fa\u00e7on non exhaustive, sont des marques d\u00e9pos\u00e9es par leurs propri\u00e9taires respectif et ne peuvent \u00eatre utilis\u00e9es \u00e0 des fins commerciales sans accord \u00e9crit pr\u00e9alable.<\/p>\t\t\t\t\t\t\t\t<\/div>\n\t\t\t\t<\/div>\n\t\t\t\t\t<\/div>\n\t\t\t\t<\/div>\n\t\t\t\t<\/div>\n\t\t","protected":false},"excerpt":{"rendered":"<p>Mentions L\u00e9gales Conform\u00e9ment aux dispositions des articles 6-III et 19 de la loi pour la Confiance dans l\u2019\u00e9conomie Num\u00e9rique, nous vous informons que : 1. Informations l\u00e9galesDirecteur de publication : Florence GETESoci\u00e9t\u00e9 : GETE AUTOMOBILESCapital : 40 000 \u20acSi\u00e8ge social : 260 RUE MARC SEGUIN 07500 GUILHERAND-GRANGESSIRET : 42038978500015TVA Intracommunautaire : FR05420389785Conception Internet :AtNetMaker 231 [&hellip;]<\/p>\n","protected":false},"author":2,"featured_media":0,"parent":0,"menu_order":0,"comment_status":"closed","ping_status":"closed","template":"","meta":{"ocean_post_layout":"","ocean_both_sidebars_style":"","ocean_both_sidebars_content_width":0,"ocean_both_sidebars_sidebars_width":0,"ocean_sidebar":"","ocean_second_sidebar":"","ocean_disable_margins":"enable","ocean_add_body_class":"","ocean_shortcode_before_top_bar":"","ocean_shortcode_after_top_bar":"","ocean_shortcode_before_header":"","ocean_shortcode_after_header":"","ocean_has_shortcode":"","ocean_shortcode_after_title":"","ocean_shortcode_before_footer_widgets":"","ocean_shortcode_after_footer_widgets":"","ocean_shortcode_before_footer_bottom":"","ocean_shortcode_after_footer_bottom":"","ocean_display_top_bar":"default","ocean_display_header":"default","ocean_header_style":"","ocean_center_header_left_menu":"","ocean_custom_header_template":"","ocean_custom_logo":0,"ocean_custom_retina_logo":0,"ocean_custom_logo_max_width":0,"ocean_custom_logo_tablet_max_width":0,"ocean_custom_logo_mobile_max_width":0,"ocean_custom_logo_max_height":0,"ocean_custom_logo_tablet_max_height":0,"ocean_custom_logo_mobile_max_height":0,"ocean_header_custom_menu":"","ocean_menu_typo_font_family":"","ocean_menu_typo_font_subset":"","ocean_menu_typo_font_size":0,"ocean_menu_typo_font_size_tablet":0,"ocean_menu_typo_font_size_mobile":0,"ocean_menu_typo_font_size_unit":"px","ocean_menu_typo_font_weight":"","ocean_menu_typo_font_weight_tablet":"","ocean_menu_typo_font_weight_mobile":"","ocean_menu_typo_transform":"","ocean_menu_typo_transform_tablet":"","ocean_menu_typo_transform_mobile":"","ocean_menu_typo_line_height":0,"ocean_menu_typo_line_height_tablet":0,"ocean_menu_typo_line_height_mobile":0,"ocean_menu_typo_line_height_unit":"","ocean_menu_typo_spacing":0,"ocean_menu_typo_spacing_tablet":0,"ocean_menu_typo_spacing_mobile":0,"ocean_menu_typo_spacing_unit":"","ocean_menu_link_color":"","ocean_menu_link_color_hover":"","ocean_menu_link_color_active":"","ocean_menu_link_background":"","ocean_menu_link_hover_background":"","ocean_menu_link_active_background":"","ocean_menu_social_links_bg":"","ocean_menu_social_hover_links_bg":"","ocean_menu_social_links_color":"","ocean_menu_social_hover_links_color":"","ocean_disable_title":"default","ocean_disable_heading":"default","ocean_post_title":"","ocean_post_subheading":"","ocean_post_title_style":"","ocean_post_title_background_color":"","ocean_post_title_background":0,"ocean_post_title_bg_image_position":"","ocean_post_title_bg_image_attachment":"","ocean_post_title_bg_image_repeat":"","ocean_post_title_bg_image_size":"","ocean_post_title_height":0,"ocean_post_title_bg_overlay":0.5,"ocean_post_title_bg_overlay_color":"","ocean_disable_breadcrumbs":"default","ocean_breadcrumbs_color":"","ocean_breadcrumbs_separator_color":"","ocean_breadcrumbs_links_color":"","ocean_breadcrumbs_links_hover_color":"","ocean_display_footer_widgets":"default","ocean_display_footer_bottom":"default","ocean_custom_footer_template":"","footnotes":""},"class_list":["post-507","page","type-page","status-publish","hentry","entry"],"_links":{"self":[{"href":"https:\/\/ad.groupe-gete.fr\/index.php\/wp-json\/wp\/v2\/pages\/507","targetHints":{"allow":["GET"]}}],"collection":[{"href":"https:\/\/ad.groupe-gete.fr\/index.php\/wp-json\/wp\/v2\/pages"}],"about":[{"href":"https:\/\/ad.groupe-gete.fr\/index.php\/wp-json\/wp\/v2\/types\/page"}],"author":[{"embeddable":true,"href":"https:\/\/ad.groupe-gete.fr\/index.php\/wp-json\/wp\/v2\/users\/2"}],"replies":[{"embeddable":true,"href":"https:\/\/ad.groupe-gete.fr\/index.php\/wp-json\/wp\/v2\/comments?post=507"}],"version-history":[{"count":4,"href":"https:\/\/ad.groupe-gete.fr\/index.php\/wp-json\/wp\/v2\/pages\/507\/revisions"}],"predecessor-version":[{"id":513,"href":"https:\/\/ad.groupe-gete.fr\/index.php\/wp-json\/wp\/v2\/pages\/507\/revisions\/513"}],"wp:attachment":[{"href":"https:\/\/ad.groupe-gete.fr\/index.php\/wp-json\/wp\/v2\/media?parent=507"}],"curies":[{"name":"wp","href":"https:\/\/api.w.org\/{rel}","templated":true}]}}